{"id":30143,"date":"2022-06-27T18:09:19","date_gmt":"2022-06-27T16:09:19","guid":{"rendered":"https:\/\/simpl4all.eu\/videomodellierung\/"},"modified":"2024-06-06T15:42:12","modified_gmt":"2024-06-06T13:42:12","slug":"videomodellierung","status":"publish","type":"page","link":"https:\/\/simpl4all.eu\/de\/videomodellierung\/","title":{"rendered":"Videomodellierung"},"content":{"rendered":"<p>[et_pb_section fb_built=&#8220;1&#8243; _builder_version=&#8220;4.19.4&#8243; _module_preset=&#8220;default&#8220; global_colors_info=&#8220;{}&#8220;][et_pb_row _builder_version=&#8220;4.19.4&#8243; _module_preset=&#8220;default&#8220; global_colors_info=&#8220;{}&#8220;][et_pb_column type=&#8220;4_4&#8243; _builder_version=&#8220;4.19.4&#8243; _module_preset=&#8220;default&#8220; global_colors_info=&#8220;{}&#8220;][et_pb_text _builder_version=&#8220;4.19.4&#8243; _module_preset=&#8220;default&#8220; global_colors_info=&#8220;{}&#8220;]<\/p>\n<p>Video Modelling<\/p>\n<p>[\/et_pb_text][\/et_pb_column][\/et_pb_row][et_pb_row column_structure=&#8220;1_4,1_2,1_4&#8243; _builder_version=&#8220;4.19.4&#8243; _module_preset=&#8220;default&#8220; global_colors_info=&#8220;{}&#8220;][et_pb_column type=&#8220;1_4&#8243; _builder_version=&#8220;4.19.4&#8243; _module_preset=&#8220;default&#8220; global_colors_info=&#8220;{}&#8220;][\/et_pb_column][et_pb_column type=&#8220;1_2&#8243; _builder_version=&#8220;4.19.4&#8243; _module_preset=&#8220;default&#8220; global_colors_info=&#8220;{}&#8220;][et_pb_text _builder_version=&#8220;4.19.4&#8243; _module_preset=&#8220;default&#8220; global_colors_info=&#8220;{}&#8220;]<\/p>\n<h2><span style=\"color: #000000;\">WAS IST ES??<\/span><span style=\"color: #000000;\"><\/span><\/h2>\n<p>Sechs Videos sind jungen Menschen gewidmet, die an berufsbildenden Kursen teilnehmen, um den Lernenden eine neue, zug\u00e4ngliche und inklusive Lernmethode und eine vereinfachte Berufsberatung zu bieten. <\/p>\n<p>Die Themen sind in folgende drei Bereiche gegliedert:<br \/>REZEPTION UND VERWALTUNG<br \/>\nSITUATION IM B\u00dcRO<br \/>\nTelefonanrufe Verwalten, Empfang von Kund:innen<\/p>\n<p>LEBENSMITTELVERARBEITUNGS- und GASTRONOMIEBEREICH<br \/>\nReinigung und schneiden von Obst zur HERSTELLUNG von Marmeladen oder Fruchtsaft, Desinfektion von Einmachgl\u00e4sern<\/p>\n<p>IM GARTEN<br \/>\nIN DER G\u00c4RTNEREI <br \/>\nUmtopfen von Pflanzen, Aussaat von Gro\u00dfsamen<\/p>\n<p>[\/et_pb_text][\/et_pb_column][et_pb_column type=&#8220;1_4&#8243; _builder_version=&#8220;4.19.4&#8243; _module_preset=&#8220;default&#8220; global_colors_info=&#8220;{}&#8220;][\/et_pb_column][\/et_pb_row][et_pb_row column_structure=&#8220;1_2,1_2&#8243; _builder_version=&#8220;4.19.4&#8243; _module_preset=&#8220;default&#8220; global_colors_info=&#8220;{}&#8220;][et_pb_column type=&#8220;1_2&#8243; _builder_version=&#8220;4.19.4&#8243; _module_preset=&#8220;default&#8220; global_colors_info=&#8220;{}&#8220;][et_pb_text _builder_version=&#8220;4.19.4&#8243; _module_preset=&#8220;default&#8220; global_colors_info=&#8220;{}&#8220;]<\/p>\n<h2><span style=\"color: #000000;\">WER SIE BENUTZEN KANN? ?<\/span><\/h2>\n<p><span style=\"color: #000000;\"><\/span><\/p>\n<p><span style=\"color: #000000;\">Die Videos richten sich an junge Menschen, die eine berufliche Erstausbildung beginnen m\u00fcssen, aber auch an Berufsberater:innen und verschiedene Lernvermittler:innen, die einfach und sofort erkl\u00e4ren k\u00f6nnen, welche Aktivit\u00e4ten durchgef\u00fchrt werden.<\/span><br \/><span style=\"color: #000000;\">FAMILIEN, LERNENDE, BERUFSBERATER:INNEN, VERMITTLER:INNEN, AUSBILDNER:INNEN <\/span><br \/><span style=\"color: #000000;\"><\/span><\/p>\n<p>[\/et_pb_text][\/et_pb_column][et_pb_column type=&#8220;1_2&#8243; _builder_version=&#8220;4.19.4&#8243; _module_preset=&#8220;default&#8220; global_colors_info=&#8220;{}&#8220;][et_pb_text _builder_version=&#8220;4.19.4&#8243; _module_preset=&#8220;default&#8220; global_colors_info=&#8220;{}&#8220;]<\/p>\n<h2><span style=\"color: #000000;\">WAS FINDET MAN HIER?<\/span><\/h2>\n<p><span style=\"color: #000000;\"><\/span><\/p>\n<p><span style=\"color: #000000;\">Videos sind Lernmittel, die das Lernen vereinfachen, indem sie komplexe F\u00e4higkeiten in kleinere Schritte zerlegen, visuelle Informationen hervorheben und diese mit Untertiteln und Ton verst\u00e4rken.<br \/>\nSie k\u00f6nnen \u00fcberall eingesetzt werden, ohne dass spezielle Ausr\u00fcstung oder Ger\u00e4te erforderlich sind.<br \/>\nDie Innovation liegt in der Verwendung von Videomodellen in der Berufsausbildung, wobei die beobachteten und nachgeahmten Verhaltensweisen mit typischen Arbeitssituationen verkn\u00fcpft werden.<br \/>\n<\/span><\/p>\n<p>[\/et_pb_text][\/et_pb_column][\/et_pb_row][et_pb_row column_structure=&#8220;1_3,1_3,1_3&#8243; _builder_version=&#8220;4.19.4&#8243; _module_preset=&#8220;default&#8220; global_colors_info=&#8220;{}&#8220;][et_pb_column type=&#8220;1_3&#8243; _builder_version=&#8220;4.19.4&#8243; _module_preset=&#8220;default&#8220; global_colors_info=&#8220;{}&#8220;][et_pb_video src=&#8220;https:\/\/vimeo.com\/910333182\/2b2d995f8c?share=copy&#8220; _builder_version=&#8220;4.19.4&#8243; _module_preset=&#8220;default&#8220; global_colors_info=&#8220;{}&#8220;][\/et_pb_video][\/et_pb_column][et_pb_column type=&#8220;1_3&#8243; _builder_version=&#8220;4.19.4&#8243; _module_preset=&#8220;default&#8220; global_colors_info=&#8220;{}&#8220;][et_pb_video src=&#8220;https:\/\/vimeo.com\/906395499\/0c7e47a5f8?share=copy&#8220; _builder_version=&#8220;4.19.4&#8243; _module_preset=&#8220;default&#8220; global_colors_info=&#8220;{}&#8220;][\/et_pb_video][\/et_pb_column][et_pb_column type=&#8220;1_3&#8243; _builder_version=&#8220;4.19.4&#8243; _module_preset=&#8220;default&#8220; global_colors_info=&#8220;{}&#8220;][et_pb_video src=&#8220;https:\/\/vimeo.com\/906387335\/a24546708f?share=copy&#8220; _builder_version=&#8220;4.19.4&#8243; _module_preset=&#8220;default&#8220; global_colors_info=&#8220;{}&#8220;][\/et_pb_video][\/et_pb_column][\/et_pb_row][et_pb_row column_structure=&#8220;1_3,1_3,1_3&#8243; _builder_version=&#8220;4.19.4&#8243; _module_preset=&#8220;default&#8220; global_colors_info=&#8220;{}&#8220;][et_pb_column type=&#8220;1_3&#8243; _builder_version=&#8220;4.19.4&#8243; _module_preset=&#8220;default&#8220; global_colors_info=&#8220;{}&#8220;][et_pb_video src=&#8220;https:\/\/vimeo.com\/872881875\/95b7463544?share=copy&#8220; _builder_version=&#8220;4.19.4&#8243; _module_preset=&#8220;default&#8220; global_colors_info=&#8220;{}&#8220;][\/et_pb_video][\/et_pb_column][et_pb_column type=&#8220;1_3&#8243; _builder_version=&#8220;4.19.4&#8243; _module_preset=&#8220;default&#8220; global_colors_info=&#8220;{}&#8220;][et_pb_video src=&#8220;https:\/\/vimeo.com\/872980844\/0353d4de2d?share=copy&#8220; _builder_version=&#8220;4.19.4&#8243; _module_preset=&#8220;default&#8220; global_colors_info=&#8220;{}&#8220;][\/et_pb_video][\/et_pb_column][et_pb_column type=&#8220;1_3&#8243; _builder_version=&#8220;4.19.4&#8243; _module_preset=&#8220;default&#8220; global_colors_info=&#8220;{}&#8220;][et_pb_video src=&#8220;https:\/\/vimeo.com\/873420669\/f7bde49982?share=copy&#8220; _builder_version=&#8220;4.19.4&#8243; _module_preset=&#8220;default&#8220; global_colors_info=&#8220;{}&#8220;][\/et_pb_video][\/et_pb_column][\/et_pb_row][\/et_pb_section]<\/p>\n","protected":false},"excerpt":{"rendered":"<p>Video ModellingWAS IST ES?? Sechs Videos sind jungen Menschen gewidmet, die an berufsbildenden Kursen teilnehmen, um den Lernenden eine neue, zug\u00e4ngliche und inklusive Lernmethode und eine vereinfachte Berufsberatung zu bieten. Die Themen sind in folgende drei Bereiche gegliedert:REZEPTION UND VERWALTUNG SITUATION IM B\u00dcRO Telefonanrufe Verwalten, Empfang von Kund:innen LEBENSMITTELVERARBEITUNGS- und GASTRONOMIEBEREICH Reinigung und schneiden von [&hellip;]<\/p>\n","protected":false},"author":1,"featured_media":0,"parent":0,"menu_order":0,"comment_status":"closed","ping_status":"closed","template":"","meta":{"_acf_changed":false,"_et_pb_use_builder":"on","_et_pb_old_content":"","_et_gb_content_width":"","footnotes":""},"acf":[],"_links":{"self":[{"href":"https:\/\/simpl4all.eu\/de\/wp-json\/wp\/v2\/pages\/30143"}],"collection":[{"href":"https:\/\/simpl4all.eu\/de\/wp-json\/wp\/v2\/pages"}],"about":[{"href":"https:\/\/simpl4all.eu\/de\/wp-json\/wp\/v2\/types\/page"}],"author":[{"embeddable":true,"href":"https:\/\/simpl4all.eu\/de\/wp-json\/wp\/v2\/users\/1"}],"replies":[{"embeddable":true,"href":"https:\/\/simpl4all.eu\/de\/wp-json\/wp\/v2\/comments?post=30143"}],"version-history":[{"count":6,"href":"https:\/\/simpl4all.eu\/de\/wp-json\/wp\/v2\/pages\/30143\/revisions"}],"predecessor-version":[{"id":36448,"href":"https:\/\/simpl4all.eu\/de\/wp-json\/wp\/v2\/pages\/30143\/revisions\/36448"}],"wp:attachment":[{"href":"https:\/\/simpl4all.eu\/de\/wp-json\/wp\/v2\/media?parent=30143"}],"curies":[{"name":"wp","href":"https:\/\/api.w.org\/{rel}","templated":true}]}}