{"id":29843,"date":"2022-06-27T18:08:05","date_gmt":"2022-06-27T16:08:05","guid":{"rendered":"https:\/\/simpl4all.eu\/manuel\/"},"modified":"2024-01-26T15:19:07","modified_gmt":"2024-01-26T14:19:07","slug":"manuel","status":"publish","type":"page","link":"https:\/\/simpl4all.eu\/fr\/manuel\/","title":{"rendered":"Guide : rendre l&rsquo;apprentissage simple pour tous"},"content":{"rendered":"<p>[et_pb_section fb_built=\u00a0\u00bb1&Prime; theme_builder_area=\u00a0\u00bbpost_content\u00a0\u00bb _builder_version=\u00a0\u00bb4.19.4&Prime; _module_preset=\u00a0\u00bbdefault\u00a0\u00bb][et_pb_row _builder_version=\u00a0\u00bb4.19.4&Prime; _module_preset=\u00a0\u00bbdefault\u00a0\u00bb theme_builder_area=\u00a0\u00bbpost_content\u00a0\u00bb][et_pb_column _builder_version=\u00a0\u00bb4.19.4&Prime; _module_preset=\u00a0\u00bbdefault\u00a0\u00bb type=\u00a0\u00bb4_4&Prime; theme_builder_area=\u00a0\u00bbpost_content\u00a0\u00bb][et_pb_text _builder_version=\u00a0\u00bb4.19.4&Prime; _module_preset=\u00a0\u00bbdefault\u00a0\u00bb theme_builder_area=\u00a0\u00bbpost_content\u00a0\u00bb hover_enabled=\u00a0\u00bb0&Prime; sticky_enabled=\u00a0\u00bb0&Prime;]<\/p>\n<p><span style=\"color: #000000;\"><strong>Il s&rsquo;agit de la premi\u00e8re \u00e9dition du guide. Une \u00e9dition \u00e9largie sera disponible en ligne \u00e0 la fin du projet, au printemps 2024.<\/strong><\/span><\/p>\n<p>[\/et_pb_text][\/et_pb_column][\/et_pb_row][\/et_pb_section]<\/p>\n","protected":false},"excerpt":{"rendered":"<p>Il s&rsquo;agit de la premi\u00e8re \u00e9dition du guide. Une \u00e9dition \u00e9largie sera disponible en ligne \u00e0 la fin du projet, au printemps 2024.<\/p>\n","protected":false},"author":1,"featured_media":0,"parent":0,"menu_order":0,"comment_status":"closed","ping_status":"closed","template":"","meta":{"_acf_changed":false,"_et_pb_use_builder":"on","_et_pb_old_content":"","_et_gb_content_width":"","footnotes":""},"acf":[],"_links":{"self":[{"href":"https:\/\/simpl4all.eu\/fr\/wp-json\/wp\/v2\/pages\/29843"}],"collection":[{"href":"https:\/\/simpl4all.eu\/fr\/wp-json\/wp\/v2\/pages"}],"about":[{"href":"https:\/\/simpl4all.eu\/fr\/wp-json\/wp\/v2\/types\/page"}],"author":[{"embeddable":true,"href":"https:\/\/simpl4all.eu\/fr\/wp-json\/wp\/v2\/users\/1"}],"replies":[{"embeddable":true,"href":"https:\/\/simpl4all.eu\/fr\/wp-json\/wp\/v2\/comments?post=29843"}],"version-history":[{"count":15,"href":"https:\/\/simpl4all.eu\/fr\/wp-json\/wp\/v2\/pages\/29843\/revisions"}],"predecessor-version":[{"id":32944,"href":"https:\/\/simpl4all.eu\/fr\/wp-json\/wp\/v2\/pages\/29843\/revisions\/32944"}],"wp:attachment":[{"href":"https:\/\/simpl4all.eu\/fr\/wp-json\/wp\/v2\/media?parent=29843"}],"curies":[{"name":"wp","href":"https:\/\/api.w.org\/{rel}","templated":true}]}}