{"id":30142,"date":"2022-06-27T18:09:19","date_gmt":"2022-06-27T16:09:19","guid":{"rendered":"https:\/\/simpl4all.eu\/modelisation-video\/"},"modified":"2024-05-30T10:23:16","modified_gmt":"2024-05-30T08:23:16","slug":"modelisation-video","status":"publish","type":"page","link":"https:\/\/simpl4all.eu\/fr\/modelisation-video\/","title":{"rendered":"Mod\u00e9lisation Vid\u00e9o"},"content":{"rendered":"<p>[et_pb_section fb_built=\u00a0\u00bb1&Prime; _builder_version=\u00a0\u00bb4.19.4&Prime; _module_preset=\u00a0\u00bbdefault\u00a0\u00bb global_colors_info=\u00a0\u00bb{}\u00a0\u00bb][et_pb_row _builder_version=\u00a0\u00bb4.19.4&Prime; _module_preset=\u00a0\u00bbdefault\u00a0\u00bb global_colors_info=\u00a0\u00bb{}\u00a0\u00bb][et_pb_column type=\u00a0\u00bb4_4&Prime; _builder_version=\u00a0\u00bb4.19.4&Prime; _module_preset=\u00a0\u00bbdefault\u00a0\u00bb global_colors_info=\u00a0\u00bb{}\u00a0\u00bb][et_pb_text _builder_version=\u00a0\u00bb4.19.4&Prime; _module_preset=\u00a0\u00bbdefault\u00a0\u00bb global_colors_info=\u00a0\u00bb{}\u00a0\u00bb]<\/p>\n<p>Mod\u00e9lisation Vid\u00e9o<\/p>\n<p>[\/et_pb_text][\/et_pb_column][\/et_pb_row][et_pb_row column_structure=\u00a0\u00bb1_4,1_2,1_4&Prime; _builder_version=\u00a0\u00bb4.19.4&Prime; _module_preset=\u00a0\u00bbdefault\u00a0\u00bb global_colors_info=\u00a0\u00bb{}\u00a0\u00bb][et_pb_column type=\u00a0\u00bb1_4&Prime; _builder_version=\u00a0\u00bb4.19.4&Prime; _module_preset=\u00a0\u00bbdefault\u00a0\u00bb global_colors_info=\u00a0\u00bb{}\u00a0\u00bb][\/et_pb_column][et_pb_column type=\u00a0\u00bb1_2&Prime; _builder_version=\u00a0\u00bb4.19.4&Prime; _module_preset=\u00a0\u00bbdefault\u00a0\u00bb global_colors_info=\u00a0\u00bb{}\u00a0\u00bb][et_pb_text _builder_version=\u00a0\u00bb4.19.4&Prime; _module_preset=\u00a0\u00bbdefault\u00a0\u00bb global_colors_info=\u00a0\u00bb{}\u00a0\u00bb]<\/p>\n<p>Que sont ces vid\u00e9os?<\/p>\n<p>Six vid\u00e9os sont consacr\u00e9es aux jeunes qui suivent des cours de formation professionnelle afin d&rsquo;offrir aux apprenants une nouvelle m\u00e9thode d&rsquo;apprentissage, accessible et inclusive, ainsi qu&rsquo;une orientation professionnelle simplifi\u00e9e.<\/p>\n<p>Les sujets sont regroup\u00e9s dans les trois domaines suivants :<\/p>\n<p>G\u00c9RER LES APPELS T\u00c9L\u00c9PHONIQUES<br \/>ACCUEILLIR LES CLIENTS<br \/>AU BUREAU<\/p>\n<p>NETTOYER ET COUPER DES FRUITS POUR FAIRE DE LA CONFITURE OU DU JUS DE FRUIT<br \/>D\u00c9SINFECTER LES BOCAUX EN VERRE POUR LES ALIMENTS<br \/>DANS LA TRANSFORMATION ALIMENTAIRE ET LES RESTAURANTS<\/p>\n<p>REMPOTER UN PLANT (TRANSPLANTATION)<br \/>SEMER DE GROSSES GRAINES DANS DES POTS (PLANTER DES GRAINES)<br \/>DANS UNE SERRE<\/p>\n<p>[\/et_pb_text][\/et_pb_column][et_pb_column type=\u00a0\u00bb1_4&Prime; _builder_version=\u00a0\u00bb4.19.4&Prime; _module_preset=\u00a0\u00bbdefault\u00a0\u00bb global_colors_info=\u00a0\u00bb{}\u00a0\u00bb][\/et_pb_column][\/et_pb_row][et_pb_row column_structure=\u00a0\u00bb1_2,1_2&Prime; _builder_version=\u00a0\u00bb4.19.4&Prime; _module_preset=\u00a0\u00bbdefault\u00a0\u00bb global_colors_info=\u00a0\u00bb{}\u00a0\u00bb][et_pb_column type=\u00a0\u00bb1_2&Prime; _builder_version=\u00a0\u00bb4.19.4&Prime; _module_preset=\u00a0\u00bbdefault\u00a0\u00bb global_colors_info=\u00a0\u00bb{}\u00a0\u00bb][et_pb_text _builder_version=\u00a0\u00bb4.19.4&Prime; _module_preset=\u00a0\u00bbdefault\u00a0\u00bb global_colors_info=\u00a0\u00bb{}\u00a0\u00bb]<\/p>\n<p>Comment les utiliser ?<\/p>\n<p>Les vid\u00e9os sont destin\u00e9es aux jeunes qui doivent commencer un cours de formation professionnelle initiale, mais aussi aux conseillers d&rsquo;orientation professionnelle et aux divers m\u00e9diateurs d&rsquo;apprentissage qui peuvent expliquer, facilement et imm\u00e9diatement, les activit\u00e9s qui seront r\u00e9alis\u00e9es.<br \/>FAMILLES, APPRENANTS, CONSEILLERS D&rsquo;ORIENTATION,<br \/>M\u00c9DIATEURS, FORMATEURS &#8230;<\/p>\n<p>[\/et_pb_text][\/et_pb_column][et_pb_column type=\u00a0\u00bb1_2&Prime; _builder_version=\u00a0\u00bb4.19.4&Prime; _module_preset=\u00a0\u00bbdefault\u00a0\u00bb global_colors_info=\u00a0\u00bb{}\u00a0\u00bb][et_pb_text _builder_version=\u00a0\u00bb4.19.4&Prime; _module_preset=\u00a0\u00bbdefault\u00a0\u00bb global_colors_info=\u00a0\u00bb{}\u00a0\u00bb]<\/p>\n<p>Que contiennent-elles ?<\/p>\n<p>Les vid\u00e9os sont des outils d&rsquo;apprentissage qui simplifient l&rsquo;apprentissage en d\u00e9composant des comp\u00e9tences complexes en \u00e9tapes plus petites, en mettant l&rsquo;accent sur les informations visuelles, renforc\u00e9es par des sous-titres et des sons.<br \/>Elles peuvent \u00eatre utilis\u00e9es n&rsquo;importe o\u00f9, sans n\u00e9cessiter d&rsquo;\u00e9quipement ou de dispositifs sp\u00e9cialis\u00e9s.<br \/>L&rsquo;innovation vient de l&rsquo;utilisation de la mod\u00e9lisation vid\u00e9o dans la formation professionnelle, en reliant les comportements observ\u00e9s et imit\u00e9s \u00e0 des situations de travail typiques.<\/p>\n<p>[\/et_pb_text][\/et_pb_column][\/et_pb_row][et_pb_row column_structure=\u00a0\u00bb1_3,1_3,1_3&Prime; _builder_version=\u00a0\u00bb4.19.4&Prime; _module_preset=\u00a0\u00bbdefault\u00a0\u00bb global_colors_info=\u00a0\u00bb{}\u00a0\u00bb][et_pb_column type=\u00a0\u00bb1_3&Prime; _builder_version=\u00a0\u00bb4.19.4&Prime; _module_preset=\u00a0\u00bbdefault\u00a0\u00bb global_colors_info=\u00a0\u00bb{}\u00a0\u00bb][et_pb_video src=\u00a0\u00bbhttps:\/\/vimeo.com\/910333182\/2b2d995f8c?share=copy\u00a0\u00bb _builder_version=\u00a0\u00bb4.19.4&Prime; _module_preset=\u00a0\u00bbdefault\u00a0\u00bb global_colors_info=\u00a0\u00bb{}\u00a0\u00bb][\/et_pb_video][\/et_pb_column][et_pb_column type=\u00a0\u00bb1_3&Prime; _builder_version=\u00a0\u00bb4.19.4&Prime; _module_preset=\u00a0\u00bbdefault\u00a0\u00bb global_colors_info=\u00a0\u00bb{}\u00a0\u00bb][et_pb_video src=\u00a0\u00bbhttps:\/\/vimeo.com\/906395499\/0c7e47a5f8?share=copy\u00a0\u00bb _builder_version=\u00a0\u00bb4.19.4&Prime; _module_preset=\u00a0\u00bbdefault\u00a0\u00bb global_colors_info=\u00a0\u00bb{}\u00a0\u00bb][\/et_pb_video][\/et_pb_column][et_pb_column type=\u00a0\u00bb1_3&Prime; _builder_version=\u00a0\u00bb4.19.4&Prime; _module_preset=\u00a0\u00bbdefault\u00a0\u00bb global_colors_info=\u00a0\u00bb{}\u00a0\u00bb][et_pb_video src=\u00a0\u00bbhttps:\/\/vimeo.com\/906387335\/a24546708f?share=copy\u00a0\u00bb _builder_version=\u00a0\u00bb4.19.4&Prime; _module_preset=\u00a0\u00bbdefault\u00a0\u00bb global_colors_info=\u00a0\u00bb{}\u00a0\u00bb][\/et_pb_video][\/et_pb_column][\/et_pb_row][et_pb_row column_structure=\u00a0\u00bb1_3,1_3,1_3&Prime; _builder_version=\u00a0\u00bb4.19.4&Prime; _module_preset=\u00a0\u00bbdefault\u00a0\u00bb global_colors_info=\u00a0\u00bb{}\u00a0\u00bb][et_pb_column type=\u00a0\u00bb1_3&Prime; _builder_version=\u00a0\u00bb4.19.4&Prime; _module_preset=\u00a0\u00bbdefault\u00a0\u00bb global_colors_info=\u00a0\u00bb{}\u00a0\u00bb][et_pb_video src=\u00a0\u00bbhttps:\/\/vimeo.com\/872881875\/95b7463544?share=copy\u00a0\u00bb _builder_version=\u00a0\u00bb4.19.4&Prime; _module_preset=\u00a0\u00bbdefault\u00a0\u00bb global_colors_info=\u00a0\u00bb{}\u00a0\u00bb][\/et_pb_video][\/et_pb_column][et_pb_column type=\u00a0\u00bb1_3&Prime; _builder_version=\u00a0\u00bb4.19.4&Prime; _module_preset=\u00a0\u00bbdefault\u00a0\u00bb global_colors_info=\u00a0\u00bb{}\u00a0\u00bb][et_pb_video src=\u00a0\u00bbhttps:\/\/vimeo.com\/872980844\/0353d4de2d?share=copy\u00a0\u00bb _builder_version=\u00a0\u00bb4.19.4&Prime; _module_preset=\u00a0\u00bbdefault\u00a0\u00bb global_colors_info=\u00a0\u00bb{}\u00a0\u00bb][\/et_pb_video][\/et_pb_column][et_pb_column type=\u00a0\u00bb1_3&Prime; _builder_version=\u00a0\u00bb4.19.4&Prime; _module_preset=\u00a0\u00bbdefault\u00a0\u00bb global_colors_info=\u00a0\u00bb{}\u00a0\u00bb][et_pb_video src=\u00a0\u00bbhttps:\/\/vimeo.com\/873420669\/f7bde49982?share=copy\u00a0\u00bb _builder_version=\u00a0\u00bb4.19.4&Prime; _module_preset=\u00a0\u00bbdefault\u00a0\u00bb global_colors_info=\u00a0\u00bb{}\u00a0\u00bb][\/et_pb_video][\/et_pb_column][\/et_pb_row][\/et_pb_section]<\/p>\n","protected":false},"excerpt":{"rendered":"<p>Mod\u00e9lisation Vid\u00e9oQue sont ces vid\u00e9os? Six vid\u00e9os sont consacr\u00e9es aux jeunes qui suivent des cours de formation professionnelle afin d&rsquo;offrir aux apprenants une nouvelle m\u00e9thode d&rsquo;apprentissage, accessible et inclusive, ainsi qu&rsquo;une orientation professionnelle simplifi\u00e9e. Les sujets sont regroup\u00e9s dans les trois domaines suivants : G\u00c9RER LES APPELS T\u00c9L\u00c9PHONIQUESACCUEILLIR LES CLIENTSAU BUREAU NETTOYER ET COUPER DES [&hellip;]<\/p>\n","protected":false},"author":1,"featured_media":0,"parent":0,"menu_order":0,"comment_status":"closed","ping_status":"closed","template":"","meta":{"_acf_changed":false,"_et_pb_use_builder":"on","_et_pb_old_content":"","_et_gb_content_width":"","footnotes":""},"acf":[],"_links":{"self":[{"href":"https:\/\/simpl4all.eu\/fr\/wp-json\/wp\/v2\/pages\/30142"}],"collection":[{"href":"https:\/\/simpl4all.eu\/fr\/wp-json\/wp\/v2\/pages"}],"about":[{"href":"https:\/\/simpl4all.eu\/fr\/wp-json\/wp\/v2\/types\/page"}],"author":[{"embeddable":true,"href":"https:\/\/simpl4all.eu\/fr\/wp-json\/wp\/v2\/users\/1"}],"replies":[{"embeddable":true,"href":"https:\/\/simpl4all.eu\/fr\/wp-json\/wp\/v2\/comments?post=30142"}],"version-history":[{"count":7,"href":"https:\/\/simpl4all.eu\/fr\/wp-json\/wp\/v2\/pages\/30142\/revisions"}],"predecessor-version":[{"id":35517,"href":"https:\/\/simpl4all.eu\/fr\/wp-json\/wp\/v2\/pages\/30142\/revisions\/35517"}],"wp:attachment":[{"href":"https:\/\/simpl4all.eu\/fr\/wp-json\/wp\/v2\/media?parent=30142"}],"curies":[{"name":"wp","href":"https:\/\/api.w.org\/{rel}","templated":true}]}}